{"id":291,"date":"2011-01-04T07:39:35","date_gmt":"2011-01-04T06:39:35","guid":{"rendered":"http:\/\/www.dietmarhalbauer.com\/wordpress\/"},"modified":"2026-03-26T07:37:30","modified_gmt":"2026-03-26T06:37:30","slug":"details","status":"publish","type":"page","link":"http:\/\/www.dietmarhalbauer.com\/wordpress\/details\/","title":{"rendered":"NEWS"},"content":{"rendered":"\n<p class=\"has-text-align-center\">Since March 2025 Dietmar Halbauer is member of the Wiener Neust\u00e4dter K\u00fcnstlervereinigung.<br><a href=\"https:\/\/wnkv.at\/\">K\u00fcnstlervereinigung Wiener Neustadt<\/a><br>&#8211; &#8211; &#8211; &#8211; &#8211; &#8211; &#8211; &#8211; &#8211; &#8211; &#8211; &#8211; &#8211; &#8211; &#8211; &#8211; &#8211; &#8211; &#8211; &#8211; &#8211; &#8211; &#8211; &#8211; &#8211; &#8211; &#8211; &#8211; &#8211; &#8211; &#8211; &#8211; &#8211; &#8211; <\/p>\n\n\n\n<p class=\"has-text-align-center\">EXHIBITS <strong>COMING UP 2026<\/strong><br><br>Group Exhibit Wiener Neust\u00e4dter K\u00fcnstlervereinigung, May 2026<br>&#8211; &#8211; &#8211; &#8211; &#8211; &#8211; &#8211; &#8211; &#8211; &#8211; &#8211; &#8211; &#8211; &#8211; &#8211; &#8211; &#8211; &#8211; &#8211; &#8211; &#8211; &#8211; &#8211; &#8211; &#8211; &#8211; &#8211; &#8211; &#8211; &#8211; &#8211; &#8211; &#8211; &#8211;<\/p>\n\n\n\n<p><\/p>\n","protected":false},"excerpt":{"rendered":"<p>Since March 2025 Dietmar Halbauer is member of the Wiener Neust\u00e4dter K\u00fcnstlervereinigung.K\u00fcnstlervereinigung Wiener Neustadt&#8211; &#8211; &#8211; &#8211; &#8211; &#8211; &#8211; &#8211; &#8211; &#8211; &#8211; &#8211; &#8211; &#8211; &#8211; &#8211; &#8211; &#8211; &#8211; &#8211; &#8211; &#8211; &#8211; &#8211; &#8211; &#8211; &#8211; &#8211; &#8211; &#8211; &#8211; &#8211; &#8211; &#8211; EXHIBITS COMING UP 2026 Group Exhibit Wiener Neust\u00e4dter &hellip; <\/p>\n<p class=\"link-more\"><a href=\"http:\/\/www.dietmarhalbauer.com\/wordpress\/details\/\" class=\"more-link\">Mehr <span class=\"screen-reader-text\">\u00fcber &#8222;NEWS&#8220; <\/span>Lesen<\/a><\/p>\n","protected":false},"author":2,"featured_media":2294,"parent":0,"menu_order":0,"comment_status":"closed","ping_status":"open","template":"","meta":{"footnotes":""},"class_list":["post-291","page","type-page","status-publish","has-post-thumbnail","hentry"],"featured_media_urls":{"thumbnail":["http:\/\/www.dietmarhalbauer.com\/wordpress\/wp-content\/uploads\/2024\/09\/me_painting-170x170.jpg",170,170,true],"medium":["http:\/\/www.dietmarhalbauer.com\/wordpress\/wp-content\/uploads\/2024\/09\/me_painting-300x300.jpg",300,300,true],"medium_large":["http:\/\/www.dietmarhalbauer.com\/wordpress\/wp-content\/uploads\/2024\/09\/me_painting.jpg",768,768,false],"large":["http:\/\/www.dietmarhalbauer.com\/wordpress\/wp-content\/uploads\/2024\/09\/me_painting-1024x1024.jpg",950,950,true],"1536x1536":["http:\/\/www.dietmarhalbauer.com\/wordpress\/wp-content\/uploads\/2024\/09\/me_painting.jpg",1200,1200,false],"2048x2048":["http:\/\/www.dietmarhalbauer.com\/wordpress\/wp-content\/uploads\/2024\/09\/me_painting.jpg",1200,1200,false],"ect-jetpack-portfolio-featured":["http:\/\/www.dietmarhalbauer.com\/wordpress\/wp-content\/uploads\/2024\/09\/me_painting-640x640.jpg",640,640,true],"ect-featured-content":["http:\/\/www.dietmarhalbauer.com\/wordpress\/wp-content\/uploads\/2024\/09\/me_painting-640x640.jpg",640,640,true],"ect-service":["http:\/\/www.dietmarhalbauer.com\/wordpress\/wp-content\/uploads\/2024\/09\/me_painting-640x640.jpg",640,640,true],"inspiro-featured-image":["http:\/\/www.dietmarhalbauer.com\/wordpress\/wp-content\/uploads\/2024\/09\/me_painting.jpg",1200,1200,false],"inspiro-loop":["http:\/\/www.dietmarhalbauer.com\/wordpress\/wp-content\/uploads\/2024\/09\/me_painting-950x320.jpg",950,320,true],"inspiro-loop@2x":["http:\/\/www.dietmarhalbauer.com\/wordpress\/wp-content\/uploads\/2024\/09\/me_painting-1200x640.jpg",1200,640,true],"jetpack-portfolio-admin-thumb":["http:\/\/www.dietmarhalbauer.com\/wordpress\/wp-content\/uploads\/2024\/09\/me_painting-50x50.jpg",50,50,true],"featured-content-admin-thumb":["http:\/\/www.dietmarhalbauer.com\/wordpress\/wp-content\/uploads\/2024\/09\/me_painting-50x50.jpg",50,50,true],"service-admin-thumb":["http:\/\/www.dietmarhalbauer.com\/wordpress\/wp-content\/uploads\/2024\/09\/me_painting-50x50.jpg",50,50,true],"portfolio_item-thumbnail":["http:\/\/www.dietmarhalbauer.com\/wordpress\/wp-content\/uploads\/2024\/09\/me_painting-600x400.jpg",600,400,true],"portfolio_item-thumbnail@2x":["http:\/\/www.dietmarhalbauer.com\/wordpress\/wp-content\/uploads\/2024\/09\/me_painting-1200x800.jpg",1200,800,true],"portfolio_item-masonry":["http:\/\/www.dietmarhalbauer.com\/wordpress\/wp-content\/uploads\/2024\/09\/me_painting-600x600.jpg",600,600,true],"portfolio_item-masonry@2x":["http:\/\/www.dietmarhalbauer.com\/wordpress\/wp-content\/uploads\/2024\/09\/me_painting.jpg",1200,1200,false],"portfolio_item-thumbnail_cinema":["http:\/\/www.dietmarhalbauer.com\/wordpress\/wp-content\/uploads\/2024\/09\/me_painting-800x335.jpg",800,335,true],"portfolio_item-thumbnail_portrait":["http:\/\/www.dietmarhalbauer.com\/wordpress\/wp-content\/uploads\/2024\/09\/me_painting-600x900.jpg",600,900,true],"portfolio_item-thumbnail_portrait@2x":["http:\/\/www.dietmarhalbauer.com\/wordpress\/wp-content\/uploads\/2024\/09\/me_painting.jpg",1200,1200,false],"portfolio_item-thumbnail_square":["http:\/\/www.dietmarhalbauer.com\/wordpress\/wp-content\/uploads\/2024\/09\/me_painting-800x800.jpg",800,800,true]},"_links":{"self":[{"href":"http:\/\/www.dietmarhalbauer.com\/wordpress\/wp-json\/wp\/v2\/pages\/291","targetHints":{"allow":["GET"]}}],"collection":[{"href":"http:\/\/www.dietmarhalbauer.com\/wordpress\/wp-json\/wp\/v2\/pages"}],"about":[{"href":"http:\/\/www.dietmarhalbauer.com\/wordpress\/wp-json\/wp\/v2\/types\/page"}],"author":[{"embeddable":true,"href":"http:\/\/www.dietmarhalbauer.com\/wordpress\/wp-json\/wp\/v2\/users\/2"}],"replies":[{"embeddable":true,"href":"http:\/\/www.dietmarhalbauer.com\/wordpress\/wp-json\/wp\/v2\/comments?post=291"}],"version-history":[{"count":9,"href":"http:\/\/www.dietmarhalbauer.com\/wordpress\/wp-json\/wp\/v2\/pages\/291\/revisions"}],"predecessor-version":[{"id":3164,"href":"http:\/\/www.dietmarhalbauer.com\/wordpress\/wp-json\/wp\/v2\/pages\/291\/revisions\/3164"}],"wp:featuredmedia":[{"embeddable":true,"href":"http:\/\/www.dietmarhalbauer.com\/wordpress\/wp-json\/wp\/v2\/media\/2294"}],"wp:attachment":[{"href":"http:\/\/www.dietmarhalbauer.com\/wordpress\/wp-json\/wp\/v2\/media?parent=291"}],"curies":[{"name":"wp","href":"https:\/\/api.w.org\/{rel}","templated":true}]}}